{"id":8,"date":"2025-08-05T03:47:15","date_gmt":"2025-08-05T02:47:15","guid":{"rendered":"https:\/\/lus-sugare.se\/?page_id=8"},"modified":"2025-09-07T10:00:30","modified_gmt":"2025-09-07T09:00:30","slug":"apparaten","status":"publish","type":"page","link":"https:\/\/lus-sugare.se\/?page_id=8","title":{"rendered":"Apparaten"},"content":{"rendered":"\n<div class=\"wp-block-group alignfull has-global-padding is-layout-constrained wp-container-core-group-is-layout-490fa1db wp-block-group-is-layout-constrained\" style=\"padding-top:var(--wp--preset--spacing--50);padding-right:var(--wp--preset--spacing--50);padding-bottom:var(--wp--preset--spacing--50);padding-left:var(--wp--preset--spacing--50)\">\n<figure class=\"wp-block-image size-full is-style-rounded is-style-rounded--1\"><img loading=\"lazy\" decoding=\"async\" width=\"2560\" height=\"1707\" src=\"https:\/\/lus-sugare.se\/wp-content\/uploads\/2025\/08\/V-COMB-A1-Photo-9-scaled.jpg\" alt=\"\" class=\"wp-image-9\" srcset=\"https:\/\/lus-sugare.se\/wp-content\/uploads\/2025\/08\/V-COMB-A1-Photo-9-scaled.jpg 2560w, https:\/\/lus-sugare.se\/wp-content\/uploads\/2025\/08\/V-COMB-A1-Photo-9-300x200.jpg 300w, https:\/\/lus-sugare.se\/wp-content\/uploads\/2025\/08\/V-COMB-A1-Photo-9-1024x683.jpg 1024w, https:\/\/lus-sugare.se\/wp-content\/uploads\/2025\/08\/V-COMB-A1-Photo-9-768x512.jpg 768w, https:\/\/lus-sugare.se\/wp-content\/uploads\/2025\/08\/V-COMB-A1-Photo-9-1536x1024.jpg 1536w, https:\/\/lus-sugare.se\/wp-content\/uploads\/2025\/08\/V-COMB-A1-Photo-9-2048x1366.jpg 2048w\" sizes=\"auto, (max-width: 2560px) 100vw, 2560px\" \/><\/figure>\n\n\n\n<div class=\"wp-block-group has-global-padding is-layout-constrained wp-container-core-group-is-layout-650790e1 wp-block-group-is-layout-constrained\">\n<h1 class=\"wp-block-heading has-text-align-center is-style-default has-x-large-font-size\">Med en Lus-sugare f\u00e5r du ett kraftfullt verktyg som g\u00f6r det enkelt att ta bort l\u00f6ss och \u00e4gg direkt.<\/h1>\n\n\n\n<div style=\"height:1.25rem\" aria-hidden=\"true\" class=\"wp-block-spacer\"><\/div>\n\n\n\n<p class=\"has-text-align-center\">Lus-sugaren \u00e4r laddningsbar och kan<br>anv\u00e4ndas otaliga g\u00e5nger. Den varsamt l\u00f6sg\u00f6r och suger upp l\u00f6ss och \u00e4gg direkt fr\u00e5n h\u00e5ret. Allt samlas i ett t\u00e4tt, upplyst filter som du enkelt kan ta bort och sl\u00e4nga utan att beh\u00f6va r\u00f6ra vid inneh\u00e5llet.<\/p>\n<\/div>\n<\/div>\n\n\n\n<div class=\"wp-block-group alignfull has-base-2-background-color has-background has-global-padding is-layout-constrained wp-container-core-group-is-layout-669513ed wp-block-group-is-layout-constrained\" style=\"margin-top:0;margin-bottom:0;padding-top:var(--wp--preset--spacing--50);padding-right:var(--wp--preset--spacing--50);padding-bottom:var(--wp--preset--spacing--50);padding-left:var(--wp--preset--spacing--50)\">\n<div class=\"wp-block-group is-vertical is-content-justification-center is-layout-flex wp-container-core-group-is-layout-52b864f0 wp-block-group-is-layout-flex\">\n<h2 class=\"wp-block-heading has-text-align-center is-style-default\">Lus-sugaren<\/h2>\n\n\n\n<div style=\"height:0px\" aria-hidden=\"true\" class=\"wp-block-spacer wp-container-content-4f2ccadb\"><\/div>\n\n\n\n<p class=\"has-text-align-center\">Apparen best\u00e5r av tre delar. Kamm, &#8221;dammsugare&#8221; och samlingsfilter. Alla \u00e4r l\u00e4tt att reng\u00f6ra vid behov. Apparaten \u00e4r CE och MD certifierad med 2 \u00e5rs produkt garanti. Fast produkten \u00e4r fr\u00e5n Australien, \u00e4r den tillverkad i Kina. Nordisk import\u00f6r \u00e4r H\u00e4lsoteknologi Ab.<\/p>\n<\/div>\n\n\n\n<div class=\"wp-block-group is-nowrap is-layout-flex wp-container-core-group-is-layout-6c531013 wp-block-group-is-layout-flex\">\n<div style=\"margin-top:0;margin-bottom:0;height:var(--wp--preset--spacing--40);width:0px\" aria-hidden=\"true\" class=\"wp-block-spacer wp-container-content-9d1f8957\"><\/div>\n<\/div>\n\n\n\n<div class=\"wp-block-columns alignwide is-layout-flex wp-container-core-columns-is-layout-d0bbbce0 wp-block-columns-is-layout-flex\">\n<div class=\"wp-block-column is-layout-flow wp-container-core-column-is-layout-e3d1c41b wp-block-column-is-layout-flow\">\n<h3 class=\"wp-block-heading has-text-align-left is-style-asterisk has-body-font-family has-medium-font-size\" style=\"font-style:normal;font-weight:600\">1. T\u00c4T ST\u00c5LKAMM<\/h3>\n\n\n\n<p class=\"has-text-align-left\">T\u00e4t rostfri kamm l\u00f6sg\u00f6r l\u00f6ss effektivt. L\u00f6stagbar kamm \u00e4r l\u00e4tt att reng\u00f6ra. Justerbar vinkel g\u00f6r det l\u00e4ttare att anv\u00e4nda.<\/p>\n<\/div>\n\n\n\n<div class=\"wp-block-column is-layout-flow wp-container-core-column-is-layout-e3d1c41b wp-block-column-is-layout-flow\">\n<h3 class=\"wp-block-heading has-text-align-left is-style-asterisk has-body-font-family has-medium-font-size\" style=\"font-style:normal;font-weight:600\">2. &#8221;DAMMSUGARE&#8221;<\/h3>\n\n\n\n<p class=\"has-text-align-left\">Om l\u00f6ss och \u00e4gg l\u00f6sg\u00f6rs fr\u00e5n huvudet, suger Lus-sugare dem genast in i ett t\u00e4tt samlinsfilter. L\u00f6ss kan inte fly fr\u00e5n det t\u00e4ta filtret.<\/p>\n<\/div>\n\n\n\n<div class=\"wp-block-column is-layout-flow wp-container-core-column-is-layout-e3d1c41b wp-block-column-is-layout-flow\">\n<h3 class=\"wp-block-heading has-text-align-left is-style-asterisk has-body-font-family has-medium-font-size\" style=\"font-style:normal;font-weight:600\">3. UPPLYST SAMLINGSFILTER<\/h3>\n\n\n\n<p class=\"has-text-align-left\">Uppsamlingsfiltret \u00e4r upplyst med LED ljus f\u00f6r att l\u00e4tt uppt\u00e4cka fynd. N\u00e4r behandlingen \u00e4r redo, sl\u00e4ngs filtret i soptunnan utan att man beh\u00f6ver vidr\u00f6ra det. <\/p>\n<\/div>\n<\/div>\n\n\n\n<div style=\"height:52px\" aria-hidden=\"true\" class=\"wp-block-spacer\"><\/div>\n\n\n\n<div data-wp-interactive=\"core\/file\" class=\"wp-block-file\"><object data-wp-bind--hidden=\"!state.hasPdfPreview\" hidden class=\"wp-block-file__embed\" data=\"https:\/\/lus-sugare.se\/wp-content\/uploads\/2025\/08\/Lus-sugare_Snabbguide.pdf\" type=\"application\/pdf\" style=\"width:100%;height:600px\" aria-label=\"Inb\u00e4ddning av Lus-sugare_Snabbguide.\"><\/object><a id=\"wp-block-file--media-a9f640fc-2d31-4ee9-9683-d2413b9df1c5\" href=\"https:\/\/lus-sugare.se\/wp-content\/uploads\/2025\/08\/Lus-sugare_Snabbguide.pdf\">Lus-sugare_Snabbguide<\/a><a href=\"https:\/\/lus-sugare.se\/wp-content\/uploads\/2025\/08\/Lus-sugare_Snabbguide.pdf\" class=\"wp-block-file__button wp-element-button\" download aria-describedby=\"wp-block-file--media-a9f640fc-2d31-4ee9-9683-d2413b9df1c5\">Download<\/a><\/div>\n<\/div>\n\n\n\n<div class=\"wp-block-group alignfull has-global-padding is-layout-constrained wp-container-core-group-is-layout-d89aad35 wp-block-group-is-layout-constrained\" style=\"margin-top:0;margin-bottom:0;padding-top:var(--wp--preset--spacing--50);padding-right:var(--wp--preset--spacing--50);padding-bottom:var(--wp--preset--spacing--50);padding-left:var(--wp--preset--spacing--50)\">\n<div class=\"wp-block-group alignwide has-global-padding is-layout-constrained wp-container-core-group-is-layout-19e250f3 wp-block-group-is-layout-constrained\">\n<div class=\"wp-block-group is-vertical is-content-justification-center is-layout-flex wp-container-core-group-is-layout-6329a8f3 wp-block-group-is-layout-flex\">\n<h2 class=\"wp-block-heading has-text-align-center is-style-asterisk\">V\u00e4rt varje \u00f6re<\/h2>\n\n\n\n<p class=\"has-text-align-center\">Lus-sugaren sparar inte bara besv\u00e4r och t\u00e5rar, utan \u00e4ven pengar. Den laddbara apparaten kan anv\u00e4ndas otaliga g\u00e5nger. Har man en Lus-sugare hemma beh\u00f6ver man inte skaffa ny shampo eller spray varje g\u00e5ng.<\/p>\n<\/div>\n\n\n\n<div style=\"height:var(--wp--preset--spacing--40)\" aria-hidden=\"true\" class=\"wp-block-spacer\"><\/div>\n\n\n\n<div class=\"wp-block-columns alignwide is-layout-flex wp-container-core-columns-is-layout-d1c656ed wp-block-columns-is-layout-flex\">\n<div class=\"wp-block-column is-vertically-aligned-center is-layout-flow wp-block-column-is-layout-flow\" style=\"flex-basis:40%\">\n<h3 class=\"wp-block-heading is-style-asterisk\">Lus-Sugare (norm. 1900 kr)<br>Nu f\u00f6r lanseringspris 1400 kr <\/h3>\n\n\n\n<ul style=\"line-height:1.75\" class=\"wp-block-list is-style-checkmark-list\">\n<li>Kamm + &#8221;dammsugare&#8221;<\/li>\n\n\n\n<li>Laddnings slang<\/li>\n\n\n\n<li>4 st samlings filter<\/li>\n\n\n\n<li>Inkl. leverans och moms.<\/li>\n<\/ul>\n<\/div>\n\n\n\n<div class=\"wp-block-column is-layout-flow wp-block-column-is-layout-flow\" style=\"flex-basis:50%\">\n<figure class=\"wp-block-image size-large is-style-rounded is-style-rounded--2\"><img loading=\"lazy\" decoding=\"async\" width=\"1024\" height=\"1024\" src=\"https:\/\/lus-sugare.se\/wp-content\/uploads\/2025\/08\/V-COMB-A1-Photo-7-1024x1024.jpg\" alt=\"\" class=\"wp-image-14\" srcset=\"https:\/\/lus-sugare.se\/wp-content\/uploads\/2025\/08\/V-COMB-A1-Photo-7-1024x1024.jpg 1024w, https:\/\/lus-sugare.se\/wp-content\/uploads\/2025\/08\/V-COMB-A1-Photo-7-300x300.jpg 300w, https:\/\/lus-sugare.se\/wp-content\/uploads\/2025\/08\/V-COMB-A1-Photo-7-150x150.jpg 150w, https:\/\/lus-sugare.se\/wp-content\/uploads\/2025\/08\/V-COMB-A1-Photo-7-768x768.jpg 768w, https:\/\/lus-sugare.se\/wp-content\/uploads\/2025\/08\/V-COMB-A1-Photo-7-1536x1536.jpg 1536w, https:\/\/lus-sugare.se\/wp-content\/uploads\/2025\/08\/V-COMB-A1-Photo-7-2048x2048.jpg 2048w\" sizes=\"auto, (max-width: 1024px) 100vw, 1024px\" \/><\/figure>\n<\/div>\n<\/div>\n\n\n\n<div class=\"wp-block-buttons is-layout-flex wp-block-buttons-is-layout-flex\">\n<div class=\"wp-block-button\"><a class=\"wp-block-button__link wp-element-button\" href=\"https:\/\/halsoteknologi.se\/tuote\/lus-sugare\/\">K\u00f6p din egen Lus-sugare h\u00e4r<\/a><\/div>\n<\/div>\n\n\n\n<div style=\"height:var(--wp--preset--spacing--40)\" aria-hidden=\"true\" class=\"wp-block-spacer\"><\/div>\n\n\n\n<div class=\"wp-block-columns alignwide is-layout-flex wp-container-core-columns-is-layout-d1c656ed wp-block-columns-is-layout-flex\">\n<div class=\"wp-block-column is-layout-flow wp-block-column-is-layout-flow\" style=\"flex-basis:50%\">\n<figure class=\"wp-block-image size-large is-style-rounded is-style-rounded--3\"><img loading=\"lazy\" decoding=\"async\" width=\"1024\" height=\"683\" src=\"https:\/\/lus-sugare.se\/wp-content\/uploads\/2025\/08\/V-COMB-A1-Photo-10-1024x683.jpg\" alt=\"\" class=\"wp-image-15\" srcset=\"https:\/\/lus-sugare.se\/wp-content\/uploads\/2025\/08\/V-COMB-A1-Photo-10-1024x683.jpg 1024w, https:\/\/lus-sugare.se\/wp-content\/uploads\/2025\/08\/V-COMB-A1-Photo-10-300x200.jpg 300w, https:\/\/lus-sugare.se\/wp-content\/uploads\/2025\/08\/V-COMB-A1-Photo-10-768x512.jpg 768w, https:\/\/lus-sugare.se\/wp-content\/uploads\/2025\/08\/V-COMB-A1-Photo-10-1536x1024.jpg 1536w, https:\/\/lus-sugare.se\/wp-content\/uploads\/2025\/08\/V-COMB-A1-Photo-10-2048x1366.jpg 2048w\" sizes=\"auto, (max-width: 1024px) 100vw, 1024px\" \/><\/figure>\n<\/div>\n\n\n\n<div class=\"wp-block-column is-vertically-aligned-center is-layout-flow wp-block-column-is-layout-flow\" style=\"flex-basis:40%\">\n<h3 class=\"wp-block-heading is-style-asterisk\">Paket med extra uppsamlingsfilter <\/h3>\n\n\n\n<ul style=\"line-height:1.75\" class=\"wp-block-list is-style-checkmark-list\">\n<li>6 st bytbara, t\u00e4ta uppsamlingsfiltrar<\/li>\n\n\n\n<li>Pris 300 kr (inkl leverans)<\/li>\n<\/ul>\n<\/div>\n<\/div>\n<\/div>\n<\/div>\n\n\n\n<div class=\"wp-block-group alignfull has-global-padding is-layout-constrained wp-container-core-group-is-layout-d89aad35 wp-block-group-is-layout-constrained\" style=\"margin-top:0;margin-bottom:0;padding-top:var(--wp--preset--spacing--50);padding-right:var(--wp--preset--spacing--50);padding-bottom:var(--wp--preset--spacing--50);padding-left:var(--wp--preset--spacing--50)\">\n<div class=\"wp-block-group alignwide has-base-2-background-color has-background has-global-padding is-layout-constrained wp-container-core-group-is-layout-39412042 wp-block-group-is-layout-constrained\" style=\"border-radius:16px;padding-top:var(--wp--preset--spacing--40);padding-right:var(--wp--preset--spacing--50);padding-bottom:var(--wp--preset--spacing--40);padding-left:var(--wp--preset--spacing--50)\">\n<div style=\"height:var(--wp--preset--spacing--10)\" aria-hidden=\"true\" class=\"wp-block-spacer\"><\/div>\n\n\n\n<h2 class=\"wp-block-heading has-text-align-center has-x-large-font-size\"><strong>K\u00f6p produkten<\/strong><\/h2>\n\n\n\n<div class=\"wp-block-buttons is-content-justification-center is-layout-flex wp-container-core-buttons-is-layout-a89b3969 wp-block-buttons-is-layout-flex\">\n<div class=\"wp-block-button\"><a class=\"wp-block-button__link wp-element-button\" href=\"https:\/\/halsoteknologi.se\/tuote\/lus-sugare\/\">Ta mig till n\u00e4tbutik<\/a><\/div>\n<\/div>\n\n\n\n<div style=\"height:var(--wp--preset--spacing--10)\" aria-hidden=\"true\" class=\"wp-block-spacer\"><\/div>\n<\/div>\n<\/div>\n\n\n\n<p><\/p>\n","protected":false},"excerpt":{"rendered":"<p>Med en Lus-sugare f\u00e5r du ett kraftfullt verktyg som g\u00f6r det enkelt att ta bort l\u00f6ss och \u00e4gg direkt. Lus-sugaren \u00e4r laddningsbar och kananv\u00e4ndas otaliga g\u00e5nger. Den varsamt l\u00f6sg\u00f6r och suger upp l\u00f6ss och \u00e4gg direkt fr\u00e5n h\u00e5ret. Allt samlas i ett t\u00e4tt, upplyst filter som du enkelt kan ta bort och sl\u00e4nga utan att [&hellip;]<\/p>\n","protected":false},"author":1,"featured_media":0,"parent":0,"menu_order":0,"comment_status":"closed","ping_status":"closed","template":"","meta":{"footnotes":""},"class_list":["post-8","page","type-page","status-publish","hentry"],"jetpack_sharing_enabled":true,"_links":{"self":[{"href":"https:\/\/lus-sugare.se\/index.php?rest_route=\/wp\/v2\/pages\/8","targetHints":{"allow":["GET"]}}],"collection":[{"href":"https:\/\/lus-sugare.se\/index.php?rest_route=\/wp\/v2\/pages"}],"about":[{"href":"https:\/\/lus-sugare.se\/index.php?rest_route=\/wp\/v2\/types\/page"}],"author":[{"embeddable":true,"href":"https:\/\/lus-sugare.se\/index.php?rest_route=\/wp\/v2\/users\/1"}],"replies":[{"embeddable":true,"href":"https:\/\/lus-sugare.se\/index.php?rest_route=%2Fwp%2Fv2%2Fcomments&post=8"}],"version-history":[{"count":16,"href":"https:\/\/lus-sugare.se\/index.php?rest_route=\/wp\/v2\/pages\/8\/revisions"}],"predecessor-version":[{"id":131,"href":"https:\/\/lus-sugare.se\/index.php?rest_route=\/wp\/v2\/pages\/8\/revisions\/131"}],"wp:attachment":[{"href":"https:\/\/lus-sugare.se\/index.php?rest_route=%2Fwp%2Fv2%2Fmedia&parent=8"}],"curies":[{"name":"wp","href":"https:\/\/api.w.org\/{rel}","templated":true}]}}